{"id":2881,"date":"2025-12-12T16:26:23","date_gmt":"2025-12-12T15:26:23","guid":{"rendered":"https:\/\/ristorantedalcontadino.com\/prodotto\/fisch-degustationsmenue\/"},"modified":"2026-05-14T20:07:52","modified_gmt":"2026-05-14T18:07:52","slug":"fisch-degustationsmenue","status":"publish","type":"product","link":"https:\/\/ristorantedalcontadino.com\/de\/prodotto\/fisch-degustationsmenue\/","title":{"rendered":"Fisch-Degustationsmen\u00fc"},"content":{"rendered":"","protected":false},"excerpt":{"rendered":"<p>Ein Men\u00fc mit <strong>sechs G\u00e4ngen nach Fantasie des K\u00fcchenchefs<\/strong>, das die <strong>regionalen Produkte<\/strong> Venetiens im Rhythmus der <strong>Jahreszeiten<\/strong> zur Geltung bringt.<br \/>\nJedes Gericht entsteht aus der Begegnung von Tradition und Kreativit\u00e4t, um unsere Vorstellung von K\u00fcche geschmackvoll zu erz\u00e4hlen.<br \/>\nDas Men\u00fc kann von einer <strong>Weinbegleitung<\/strong> begleitet werden, die von unserem Sommelier ausgew\u00e4hlt wurde, um jeden Gang zu unterstreichen.<\/p>\n","protected":false},"featured_media":2188,"template":"","meta":[],"product_brand":[],"product_cat":[74],"product_tag":[],"class_list":{"0":"post-2881","1":"product","2":"type-product","3":"status-publish","4":"has-post-thumbnail","6":"product_cat-verkostungen","8":"first","9":"instock","10":"shipping-taxable","11":"purchasable","12":"product-type-variable"},"yoast_head":"<!-- This site is optimized with the Yoast SEO plugin v26.5 - https:\/\/yoast.com\/wordpress\/plugins\/seo\/ -->\n<title>Fisch-Degustationsmen\u00fc - Ristorante dal contadino<\/title>\n<meta name=\"robots\" content=\"index, follow, max-snippet:-1, max-image-preview:large, max-video-preview:-1\" \/>\n<link rel=\"canonical\" href=\"https:\/\/ristorantedalcontadino.com\/de\/prodotto\/fisch-degustationsmenue\/\" \/>\n<meta property=\"og:locale\" content=\"de_DE\" \/>\n<meta property=\"og:type\" content=\"article\" \/>\n<meta property=\"og:title\" content=\"Fisch-Degustationsmen\u00fc - Ristorante dal contadino\" \/>\n<meta property=\"og:description\" content=\"Ein Men\u00fc mit sechs G\u00e4ngen nach Fantasie des K\u00fcchenchefs, das die regionalen Produkte Venetiens im Rhythmus der Jahreszeiten zur Geltung bringt. Jedes Gericht entsteht aus der Begegnung von Tradition und Kreativit\u00e4t, um unsere Vorstellung von K\u00fcche geschmackvoll zu erz\u00e4hlen. Das Men\u00fc kann von einer Weinbegleitung begleitet werden, die von unserem Sommelier ausgew\u00e4hlt wurde, um jeden Gang zu unterstreichen.\" \/>\n<meta property=\"og:url\" content=\"https:\/\/ristorantedalcontadino.com\/de\/prodotto\/fisch-degustationsmenue\/\" \/>\n<meta property=\"og:site_name\" content=\"Ristorante dal contadino\" \/>\n<meta property=\"article:publisher\" content=\"https:\/\/www.facebook.com\/trattoriadalcontadino\" \/>\n<meta property=\"article:modified_time\" content=\"2026-05-14T18:07:52+00:00\" \/>\n<meta property=\"og:image\" content=\"https:\/\/ristorantedalcontadino.com\/wp-content\/uploads\/2025\/09\/contadino-ristorante-colli-euganei-menu-degustazione-pesce-2.png\" \/>\n\t<meta property=\"og:image:width\" content=\"1600\" \/>\n\t<meta property=\"og:image:height\" content=\"1600\" \/>\n\t<meta property=\"og:image:type\" content=\"image\/png\" \/>\n<meta name=\"twitter:card\" content=\"summary_large_image\" \/>\n<script type=\"application\/ld+json\" class=\"yoast-schema-graph\">{\"@context\":\"https:\/\/schema.org\",\"@graph\":[{\"@type\":\"WebPage\",\"@id\":\"https:\/\/ristorantedalcontadino.com\/de\/prodotto\/fisch-degustationsmenue\/\",\"url\":\"https:\/\/ristorantedalcontadino.com\/de\/prodotto\/fisch-degustationsmenue\/\",\"name\":\"Fisch-Degustationsmen\u00fc - Ristorante dal contadino\",\"isPartOf\":{\"@id\":\"https:\/\/ristorantedalcontadino.com\/de\/#website\"},\"primaryImageOfPage\":{\"@id\":\"https:\/\/ristorantedalcontadino.com\/de\/prodotto\/fisch-degustationsmenue\/#primaryimage\"},\"image\":{\"@id\":\"https:\/\/ristorantedalcontadino.com\/de\/prodotto\/fisch-degustationsmenue\/#primaryimage\"},\"thumbnailUrl\":\"https:\/\/ristorantedalcontadino.com\/wp-content\/uploads\/2025\/09\/contadino-ristorante-colli-euganei-menu-degustazione-pesce-2.png\",\"datePublished\":\"2025-12-12T15:26:23+00:00\",\"dateModified\":\"2026-05-14T18:07:52+00:00\",\"breadcrumb\":{\"@id\":\"https:\/\/ristorantedalcontadino.com\/de\/prodotto\/fisch-degustationsmenue\/#breadcrumb\"},\"inLanguage\":\"de\",\"potentialAction\":[{\"@type\":\"ReadAction\",\"target\":[\"https:\/\/ristorantedalcontadino.com\/de\/prodotto\/fisch-degustationsmenue\/\"]}]},{\"@type\":\"ImageObject\",\"inLanguage\":\"de\",\"@id\":\"https:\/\/ristorantedalcontadino.com\/de\/prodotto\/fisch-degustationsmenue\/#primaryimage\",\"url\":\"https:\/\/ristorantedalcontadino.com\/wp-content\/uploads\/2025\/09\/contadino-ristorante-colli-euganei-menu-degustazione-pesce-2.png\",\"contentUrl\":\"https:\/\/ristorantedalcontadino.com\/wp-content\/uploads\/2025\/09\/contadino-ristorante-colli-euganei-menu-degustazione-pesce-2.png\",\"width\":1600,\"height\":1600},{\"@type\":\"BreadcrumbList\",\"@id\":\"https:\/\/ristorantedalcontadino.com\/de\/prodotto\/fisch-degustationsmenue\/#breadcrumb\",\"itemListElement\":[{\"@type\":\"ListItem\",\"position\":1,\"name\":\"Home\",\"item\":\"https:\/\/ristorantedalcontadino.com\/de\/startseite\/\"},{\"@type\":\"ListItem\",\"position\":2,\"name\":\"Shop\",\"item\":\"https:\/\/ristorantedalcontadino.com\/de\/shop\/\"},{\"@type\":\"ListItem\",\"position\":3,\"name\":\"Fisch-Degustationsmen\u00fc\"}]},{\"@type\":\"WebSite\",\"@id\":\"https:\/\/ristorantedalcontadino.com\/de\/#website\",\"url\":\"https:\/\/ristorantedalcontadino.com\/de\/\",\"name\":\"Ristorante dal Contadino\",\"description\":\"Ristorante sui Colli Euganei\",\"publisher\":{\"@id\":\"https:\/\/ristorantedalcontadino.com\/de\/#organization\"},\"potentialAction\":[{\"@type\":\"SearchAction\",\"target\":{\"@type\":\"EntryPoint\",\"urlTemplate\":\"https:\/\/ristorantedalcontadino.com\/de\/?s={search_term_string}\"},\"query-input\":{\"@type\":\"PropertyValueSpecification\",\"valueRequired\":true,\"valueName\":\"search_term_string\"}}],\"inLanguage\":\"de\"},{\"@type\":\"Organization\",\"@id\":\"https:\/\/ristorantedalcontadino.com\/de\/#organization\",\"name\":\"Ristorante dal Contadino\",\"url\":\"https:\/\/ristorantedalcontadino.com\/de\/\",\"logo\":{\"@type\":\"ImageObject\",\"inLanguage\":\"de\",\"@id\":\"https:\/\/ristorantedalcontadino.com\/de\/#\/schema\/logo\/image\/\",\"url\":\"https:\/\/ristorantedalcontadino.com\/wp-content\/uploads\/2025\/09\/logo-contadino-oliva.png\",\"contentUrl\":\"https:\/\/ristorantedalcontadino.com\/wp-content\/uploads\/2025\/09\/logo-contadino-oliva.png\",\"width\":1772,\"height\":631,\"caption\":\"Ristorante dal Contadino\"},\"image\":{\"@id\":\"https:\/\/ristorantedalcontadino.com\/de\/#\/schema\/logo\/image\/\"},\"sameAs\":[\"https:\/\/www.facebook.com\/trattoriadalcontadino\",\"https:\/\/www.instagram.com\/ristorantecontadino\/\"]}]}<\/script>\n<!-- \/ Yoast SEO plugin. -->","yoast_head_json":{"title":"Fisch-Degustationsmen\u00fc - Ristorante dal contadino","robots":{"index":"index","follow":"follow","max-snippet":"max-snippet:-1","max-image-preview":"max-image-preview:large","max-video-preview":"max-video-preview:-1"},"canonical":"https:\/\/ristorantedalcontadino.com\/de\/prodotto\/fisch-degustationsmenue\/","og_locale":"de_DE","og_type":"article","og_title":"Fisch-Degustationsmen\u00fc - Ristorante dal contadino","og_description":"Ein Men\u00fc mit sechs G\u00e4ngen nach Fantasie des K\u00fcchenchefs, das die regionalen Produkte Venetiens im Rhythmus der Jahreszeiten zur Geltung bringt. Jedes Gericht entsteht aus der Begegnung von Tradition und Kreativit\u00e4t, um unsere Vorstellung von K\u00fcche geschmackvoll zu erz\u00e4hlen. Das Men\u00fc kann von einer Weinbegleitung begleitet werden, die von unserem Sommelier ausgew\u00e4hlt wurde, um jeden Gang zu unterstreichen.","og_url":"https:\/\/ristorantedalcontadino.com\/de\/prodotto\/fisch-degustationsmenue\/","og_site_name":"Ristorante dal contadino","article_publisher":"https:\/\/www.facebook.com\/trattoriadalcontadino","article_modified_time":"2026-05-14T18:07:52+00:00","og_image":[{"width":1600,"height":1600,"url":"https:\/\/ristorantedalcontadino.com\/wp-content\/uploads\/2025\/09\/contadino-ristorante-colli-euganei-menu-degustazione-pesce-2.png","type":"image\/png"}],"twitter_card":"summary_large_image","schema":{"@context":"https:\/\/schema.org","@graph":[{"@type":"WebPage","@id":"https:\/\/ristorantedalcontadino.com\/de\/prodotto\/fisch-degustationsmenue\/","url":"https:\/\/ristorantedalcontadino.com\/de\/prodotto\/fisch-degustationsmenue\/","name":"Fisch-Degustationsmen\u00fc - Ristorante dal contadino","isPartOf":{"@id":"https:\/\/ristorantedalcontadino.com\/de\/#website"},"primaryImageOfPage":{"@id":"https:\/\/ristorantedalcontadino.com\/de\/prodotto\/fisch-degustationsmenue\/#primaryimage"},"image":{"@id":"https:\/\/ristorantedalcontadino.com\/de\/prodotto\/fisch-degustationsmenue\/#primaryimage"},"thumbnailUrl":"https:\/\/ristorantedalcontadino.com\/wp-content\/uploads\/2025\/09\/contadino-ristorante-colli-euganei-menu-degustazione-pesce-2.png","datePublished":"2025-12-12T15:26:23+00:00","dateModified":"2026-05-14T18:07:52+00:00","breadcrumb":{"@id":"https:\/\/ristorantedalcontadino.com\/de\/prodotto\/fisch-degustationsmenue\/#breadcrumb"},"inLanguage":"de","potentialAction":[{"@type":"ReadAction","target":["https:\/\/ristorantedalcontadino.com\/de\/prodotto\/fisch-degustationsmenue\/"]}]},{"@type":"ImageObject","inLanguage":"de","@id":"https:\/\/ristorantedalcontadino.com\/de\/prodotto\/fisch-degustationsmenue\/#primaryimage","url":"https:\/\/ristorantedalcontadino.com\/wp-content\/uploads\/2025\/09\/contadino-ristorante-colli-euganei-menu-degustazione-pesce-2.png","contentUrl":"https:\/\/ristorantedalcontadino.com\/wp-content\/uploads\/2025\/09\/contadino-ristorante-colli-euganei-menu-degustazione-pesce-2.png","width":1600,"height":1600},{"@type":"BreadcrumbList","@id":"https:\/\/ristorantedalcontadino.com\/de\/prodotto\/fisch-degustationsmenue\/#breadcrumb","itemListElement":[{"@type":"ListItem","position":1,"name":"Home","item":"https:\/\/ristorantedalcontadino.com\/de\/startseite\/"},{"@type":"ListItem","position":2,"name":"Shop","item":"https:\/\/ristorantedalcontadino.com\/de\/shop\/"},{"@type":"ListItem","position":3,"name":"Fisch-Degustationsmen\u00fc"}]},{"@type":"WebSite","@id":"https:\/\/ristorantedalcontadino.com\/de\/#website","url":"https:\/\/ristorantedalcontadino.com\/de\/","name":"Ristorante dal Contadino","description":"Ristorante sui Colli Euganei","publisher":{"@id":"https:\/\/ristorantedalcontadino.com\/de\/#organization"},"potentialAction":[{"@type":"SearchAction","target":{"@type":"EntryPoint","urlTemplate":"https:\/\/ristorantedalcontadino.com\/de\/?s={search_term_string}"},"query-input":{"@type":"PropertyValueSpecification","valueRequired":true,"valueName":"search_term_string"}}],"inLanguage":"de"},{"@type":"Organization","@id":"https:\/\/ristorantedalcontadino.com\/de\/#organization","name":"Ristorante dal Contadino","url":"https:\/\/ristorantedalcontadino.com\/de\/","logo":{"@type":"ImageObject","inLanguage":"de","@id":"https:\/\/ristorantedalcontadino.com\/de\/#\/schema\/logo\/image\/","url":"https:\/\/ristorantedalcontadino.com\/wp-content\/uploads\/2025\/09\/logo-contadino-oliva.png","contentUrl":"https:\/\/ristorantedalcontadino.com\/wp-content\/uploads\/2025\/09\/logo-contadino-oliva.png","width":1772,"height":631,"caption":"Ristorante dal Contadino"},"image":{"@id":"https:\/\/ristorantedalcontadino.com\/de\/#\/schema\/logo\/image\/"},"sameAs":["https:\/\/www.facebook.com\/trattoriadalcontadino","https:\/\/www.instagram.com\/ristorantecontadino\/"]}]}},"_links":{"self":[{"href":"https:\/\/ristorantedalcontadino.com\/de\/wp-json\/wp\/v2\/product\/2881","targetHints":{"allow":["GET"]}}],"collection":[{"href":"https:\/\/ristorantedalcontadino.com\/de\/wp-json\/wp\/v2\/product"}],"about":[{"href":"https:\/\/ristorantedalcontadino.com\/de\/wp-json\/wp\/v2\/types\/product"}],"wp:featuredmedia":[{"embeddable":true,"href":"https:\/\/ristorantedalcontadino.com\/de\/wp-json\/wp\/v2\/media\/2188"}],"wp:attachment":[{"href":"https:\/\/ristorantedalcontadino.com\/de\/wp-json\/wp\/v2\/media?parent=2881"}],"wp:term":[{"taxonomy":"product_brand","embeddable":true,"href":"https:\/\/ristorantedalcontadino.com\/de\/wp-json\/wp\/v2\/product_brand?post=2881"},{"taxonomy":"product_cat","embeddable":true,"href":"https:\/\/ristorantedalcontadino.com\/de\/wp-json\/wp\/v2\/product_cat?post=2881"},{"taxonomy":"product_tag","embeddable":true,"href":"https:\/\/ristorantedalcontadino.com\/de\/wp-json\/wp\/v2\/product_tag?post=2881"}],"curies":[{"name":"wp","href":"https:\/\/api.w.org\/{rel}","templated":true}]}}