{"id":3054,"date":"2025-12-12T16:25:24","date_gmt":"2025-12-12T15:25:24","guid":{"rendered":"https:\/\/ristorantedalcontadino.com\/prodotto\/degustationsmenue-mit-landprodukten\/"},"modified":"2025-12-12T16:25:24","modified_gmt":"2025-12-12T15:25:24","slug":"degustationsmenue-mit-landprodukten","status":"publish","type":"product","link":"https:\/\/ristorantedalcontadino.com\/de\/prodotto\/degustationsmenue-mit-landprodukten\/","title":{"rendered":"Degustationsmen\u00fc mit Landprodukten"},"content":{"rendered":"","protected":false},"excerpt":{"rendered":"<p>Eine Reise durch <strong>sechs G\u00e4nge nach der Fantasie des K\u00fcchenchefs<\/strong>, die die <strong>Produkte der Region<\/strong> Venetien im Rhythmus der <strong>Jahreszeiten<\/strong> zur Geltung bringt.<br \/>\nJedes Gericht entsteht aus der Begegnung von Tradition und Kreativit\u00e4t, um unsere Vorstellung von K\u00fcche geschmackvoll zu erz\u00e4hlen.<br \/>\nDas Men\u00fc kann durch eine vom Sommelier ausgew\u00e4hlte <strong>Weinbegleitung<\/strong> erg\u00e4nzt werden, um jeden Gang zu veredeln.<\/p>\n","protected":false},"featured_media":2192,"template":"","meta":[],"product_brand":[],"product_cat":[74],"product_tag":[],"class_list":{"0":"post-3054","1":"product","2":"type-product","3":"status-publish","4":"has-post-thumbnail","6":"product_cat-verkostungen","8":"first","9":"instock","10":"shipping-taxable","11":"purchasable","12":"product-type-variable"},"yoast_head":"<!-- This site is optimized with the Yoast SEO plugin v26.5 - https:\/\/yoast.com\/wordpress\/plugins\/seo\/ -->\n<title>Degustationsmen\u00fc mit Landprodukten - Ristorante dal contadino<\/title>\n<meta name=\"robots\" content=\"index, follow, max-snippet:-1, max-image-preview:large, max-video-preview:-1\" \/>\n<link rel=\"canonical\" href=\"https:\/\/ristorantedalcontadino.com\/de\/prodotto\/degustationsmenue-mit-landprodukten\/\" \/>\n<meta property=\"og:locale\" content=\"de_DE\" \/>\n<meta property=\"og:type\" content=\"article\" \/>\n<meta property=\"og:title\" content=\"Degustationsmen\u00fc mit Landprodukten - Ristorante dal contadino\" \/>\n<meta property=\"og:description\" content=\"Eine Reise durch sechs G\u00e4nge nach der Fantasie des K\u00fcchenchefs, die die Produkte der Region Venetien im Rhythmus der Jahreszeiten zur Geltung bringt. Jedes Gericht entsteht aus der Begegnung von Tradition und Kreativit\u00e4t, um unsere Vorstellung von K\u00fcche geschmackvoll zu erz\u00e4hlen. Das Men\u00fc kann durch eine vom Sommelier ausgew\u00e4hlte Weinbegleitung erg\u00e4nzt werden, um jeden Gang zu veredeln.\" \/>\n<meta property=\"og:url\" content=\"https:\/\/ristorantedalcontadino.com\/de\/prodotto\/degustationsmenue-mit-landprodukten\/\" \/>\n<meta property=\"og:site_name\" content=\"Ristorante dal contadino\" \/>\n<meta property=\"article:publisher\" content=\"https:\/\/www.facebook.com\/trattoriadalcontadino\" \/>\n<meta property=\"og:image\" content=\"https:\/\/ristorantedalcontadino.com\/wp-content\/uploads\/2025\/10\/contadino-ristorante-colli-euganei-menu-degustazione-carne-2.png\" \/>\n\t<meta property=\"og:image:width\" content=\"1600\" \/>\n\t<meta property=\"og:image:height\" content=\"1600\" \/>\n\t<meta property=\"og:image:type\" content=\"image\/png\" \/>\n<meta name=\"twitter:card\" content=\"summary_large_image\" \/>\n<script type=\"application\/ld+json\" class=\"yoast-schema-graph\">{\"@context\":\"https:\/\/schema.org\",\"@graph\":[{\"@type\":\"WebPage\",\"@id\":\"https:\/\/ristorantedalcontadino.com\/de\/prodotto\/degustationsmenue-mit-landprodukten\/\",\"url\":\"https:\/\/ristorantedalcontadino.com\/de\/prodotto\/degustationsmenue-mit-landprodukten\/\",\"name\":\"Degustationsmen\u00fc mit Landprodukten - Ristorante dal contadino\",\"isPartOf\":{\"@id\":\"https:\/\/ristorantedalcontadino.com\/de\/#website\"},\"primaryImageOfPage\":{\"@id\":\"https:\/\/ristorantedalcontadino.com\/de\/prodotto\/degustationsmenue-mit-landprodukten\/#primaryimage\"},\"image\":{\"@id\":\"https:\/\/ristorantedalcontadino.com\/de\/prodotto\/degustationsmenue-mit-landprodukten\/#primaryimage\"},\"thumbnailUrl\":\"https:\/\/ristorantedalcontadino.com\/wp-content\/uploads\/2025\/10\/contadino-ristorante-colli-euganei-menu-degustazione-carne-2.png\",\"datePublished\":\"2025-12-12T15:25:24+00:00\",\"breadcrumb\":{\"@id\":\"https:\/\/ristorantedalcontadino.com\/de\/prodotto\/degustationsmenue-mit-landprodukten\/#breadcrumb\"},\"inLanguage\":\"de\",\"potentialAction\":[{\"@type\":\"ReadAction\",\"target\":[\"https:\/\/ristorantedalcontadino.com\/de\/prodotto\/degustationsmenue-mit-landprodukten\/\"]}]},{\"@type\":\"ImageObject\",\"inLanguage\":\"de\",\"@id\":\"https:\/\/ristorantedalcontadino.com\/de\/prodotto\/degustationsmenue-mit-landprodukten\/#primaryimage\",\"url\":\"https:\/\/ristorantedalcontadino.com\/wp-content\/uploads\/2025\/10\/contadino-ristorante-colli-euganei-menu-degustazione-carne-2.png\",\"contentUrl\":\"https:\/\/ristorantedalcontadino.com\/wp-content\/uploads\/2025\/10\/contadino-ristorante-colli-euganei-menu-degustazione-carne-2.png\",\"width\":1600,\"height\":1600},{\"@type\":\"BreadcrumbList\",\"@id\":\"https:\/\/ristorantedalcontadino.com\/de\/prodotto\/degustationsmenue-mit-landprodukten\/#breadcrumb\",\"itemListElement\":[{\"@type\":\"ListItem\",\"position\":1,\"name\":\"Home\",\"item\":\"https:\/\/ristorantedalcontadino.com\/de\/startseite\/\"},{\"@type\":\"ListItem\",\"position\":2,\"name\":\"Shop\",\"item\":\"https:\/\/ristorantedalcontadino.com\/de\/shop\/\"},{\"@type\":\"ListItem\",\"position\":3,\"name\":\"Degustationsmen\u00fc mit Landprodukten\"}]},{\"@type\":\"WebSite\",\"@id\":\"https:\/\/ristorantedalcontadino.com\/de\/#website\",\"url\":\"https:\/\/ristorantedalcontadino.com\/de\/\",\"name\":\"Ristorante dal Contadino\",\"description\":\"Ristorante sui Colli Euganei\",\"publisher\":{\"@id\":\"https:\/\/ristorantedalcontadino.com\/de\/#organization\"},\"potentialAction\":[{\"@type\":\"SearchAction\",\"target\":{\"@type\":\"EntryPoint\",\"urlTemplate\":\"https:\/\/ristorantedalcontadino.com\/de\/?s={search_term_string}\"},\"query-input\":{\"@type\":\"PropertyValueSpecification\",\"valueRequired\":true,\"valueName\":\"search_term_string\"}}],\"inLanguage\":\"de\"},{\"@type\":\"Organization\",\"@id\":\"https:\/\/ristorantedalcontadino.com\/de\/#organization\",\"name\":\"Ristorante dal Contadino\",\"url\":\"https:\/\/ristorantedalcontadino.com\/de\/\",\"logo\":{\"@type\":\"ImageObject\",\"inLanguage\":\"de\",\"@id\":\"https:\/\/ristorantedalcontadino.com\/de\/#\/schema\/logo\/image\/\",\"url\":\"https:\/\/ristorantedalcontadino.com\/wp-content\/uploads\/2025\/09\/logo-contadino-oliva.png\",\"contentUrl\":\"https:\/\/ristorantedalcontadino.com\/wp-content\/uploads\/2025\/09\/logo-contadino-oliva.png\",\"width\":1772,\"height\":631,\"caption\":\"Ristorante dal Contadino\"},\"image\":{\"@id\":\"https:\/\/ristorantedalcontadino.com\/de\/#\/schema\/logo\/image\/\"},\"sameAs\":[\"https:\/\/www.facebook.com\/trattoriadalcontadino\",\"https:\/\/www.instagram.com\/ristorantecontadino\/\"]}]}<\/script>\n<!-- \/ Yoast SEO plugin. -->","yoast_head_json":{"title":"Degustationsmen\u00fc mit Landprodukten - Ristorante dal contadino","robots":{"index":"index","follow":"follow","max-snippet":"max-snippet:-1","max-image-preview":"max-image-preview:large","max-video-preview":"max-video-preview:-1"},"canonical":"https:\/\/ristorantedalcontadino.com\/de\/prodotto\/degustationsmenue-mit-landprodukten\/","og_locale":"de_DE","og_type":"article","og_title":"Degustationsmen\u00fc mit Landprodukten - Ristorante dal contadino","og_description":"Eine Reise durch sechs G\u00e4nge nach der Fantasie des K\u00fcchenchefs, die die Produkte der Region Venetien im Rhythmus der Jahreszeiten zur Geltung bringt. Jedes Gericht entsteht aus der Begegnung von Tradition und Kreativit\u00e4t, um unsere Vorstellung von K\u00fcche geschmackvoll zu erz\u00e4hlen. Das Men\u00fc kann durch eine vom Sommelier ausgew\u00e4hlte Weinbegleitung erg\u00e4nzt werden, um jeden Gang zu veredeln.","og_url":"https:\/\/ristorantedalcontadino.com\/de\/prodotto\/degustationsmenue-mit-landprodukten\/","og_site_name":"Ristorante dal contadino","article_publisher":"https:\/\/www.facebook.com\/trattoriadalcontadino","og_image":[{"width":1600,"height":1600,"url":"https:\/\/ristorantedalcontadino.com\/wp-content\/uploads\/2025\/10\/contadino-ristorante-colli-euganei-menu-degustazione-carne-2.png","type":"image\/png"}],"twitter_card":"summary_large_image","schema":{"@context":"https:\/\/schema.org","@graph":[{"@type":"WebPage","@id":"https:\/\/ristorantedalcontadino.com\/de\/prodotto\/degustationsmenue-mit-landprodukten\/","url":"https:\/\/ristorantedalcontadino.com\/de\/prodotto\/degustationsmenue-mit-landprodukten\/","name":"Degustationsmen\u00fc mit Landprodukten - Ristorante dal contadino","isPartOf":{"@id":"https:\/\/ristorantedalcontadino.com\/de\/#website"},"primaryImageOfPage":{"@id":"https:\/\/ristorantedalcontadino.com\/de\/prodotto\/degustationsmenue-mit-landprodukten\/#primaryimage"},"image":{"@id":"https:\/\/ristorantedalcontadino.com\/de\/prodotto\/degustationsmenue-mit-landprodukten\/#primaryimage"},"thumbnailUrl":"https:\/\/ristorantedalcontadino.com\/wp-content\/uploads\/2025\/10\/contadino-ristorante-colli-euganei-menu-degustazione-carne-2.png","datePublished":"2025-12-12T15:25:24+00:00","breadcrumb":{"@id":"https:\/\/ristorantedalcontadino.com\/de\/prodotto\/degustationsmenue-mit-landprodukten\/#breadcrumb"},"inLanguage":"de","potentialAction":[{"@type":"ReadAction","target":["https:\/\/ristorantedalcontadino.com\/de\/prodotto\/degustationsmenue-mit-landprodukten\/"]}]},{"@type":"ImageObject","inLanguage":"de","@id":"https:\/\/ristorantedalcontadino.com\/de\/prodotto\/degustationsmenue-mit-landprodukten\/#primaryimage","url":"https:\/\/ristorantedalcontadino.com\/wp-content\/uploads\/2025\/10\/contadino-ristorante-colli-euganei-menu-degustazione-carne-2.png","contentUrl":"https:\/\/ristorantedalcontadino.com\/wp-content\/uploads\/2025\/10\/contadino-ristorante-colli-euganei-menu-degustazione-carne-2.png","width":1600,"height":1600},{"@type":"BreadcrumbList","@id":"https:\/\/ristorantedalcontadino.com\/de\/prodotto\/degustationsmenue-mit-landprodukten\/#breadcrumb","itemListElement":[{"@type":"ListItem","position":1,"name":"Home","item":"https:\/\/ristorantedalcontadino.com\/de\/startseite\/"},{"@type":"ListItem","position":2,"name":"Shop","item":"https:\/\/ristorantedalcontadino.com\/de\/shop\/"},{"@type":"ListItem","position":3,"name":"Degustationsmen\u00fc mit Landprodukten"}]},{"@type":"WebSite","@id":"https:\/\/ristorantedalcontadino.com\/de\/#website","url":"https:\/\/ristorantedalcontadino.com\/de\/","name":"Ristorante dal Contadino","description":"Ristorante sui Colli Euganei","publisher":{"@id":"https:\/\/ristorantedalcontadino.com\/de\/#organization"},"potentialAction":[{"@type":"SearchAction","target":{"@type":"EntryPoint","urlTemplate":"https:\/\/ristorantedalcontadino.com\/de\/?s={search_term_string}"},"query-input":{"@type":"PropertyValueSpecification","valueRequired":true,"valueName":"search_term_string"}}],"inLanguage":"de"},{"@type":"Organization","@id":"https:\/\/ristorantedalcontadino.com\/de\/#organization","name":"Ristorante dal Contadino","url":"https:\/\/ristorantedalcontadino.com\/de\/","logo":{"@type":"ImageObject","inLanguage":"de","@id":"https:\/\/ristorantedalcontadino.com\/de\/#\/schema\/logo\/image\/","url":"https:\/\/ristorantedalcontadino.com\/wp-content\/uploads\/2025\/09\/logo-contadino-oliva.png","contentUrl":"https:\/\/ristorantedalcontadino.com\/wp-content\/uploads\/2025\/09\/logo-contadino-oliva.png","width":1772,"height":631,"caption":"Ristorante dal Contadino"},"image":{"@id":"https:\/\/ristorantedalcontadino.com\/de\/#\/schema\/logo\/image\/"},"sameAs":["https:\/\/www.facebook.com\/trattoriadalcontadino","https:\/\/www.instagram.com\/ristorantecontadino\/"]}]}},"_links":{"self":[{"href":"https:\/\/ristorantedalcontadino.com\/de\/wp-json\/wp\/v2\/product\/3054","targetHints":{"allow":["GET"]}}],"collection":[{"href":"https:\/\/ristorantedalcontadino.com\/de\/wp-json\/wp\/v2\/product"}],"about":[{"href":"https:\/\/ristorantedalcontadino.com\/de\/wp-json\/wp\/v2\/types\/product"}],"wp:featuredmedia":[{"embeddable":true,"href":"https:\/\/ristorantedalcontadino.com\/de\/wp-json\/wp\/v2\/media\/2192"}],"wp:attachment":[{"href":"https:\/\/ristorantedalcontadino.com\/de\/wp-json\/wp\/v2\/media?parent=3054"}],"wp:term":[{"taxonomy":"product_brand","embeddable":true,"href":"https:\/\/ristorantedalcontadino.com\/de\/wp-json\/wp\/v2\/product_brand?post=3054"},{"taxonomy":"product_cat","embeddable":true,"href":"https:\/\/ristorantedalcontadino.com\/de\/wp-json\/wp\/v2\/product_cat?post=3054"},{"taxonomy":"product_tag","embeddable":true,"href":"https:\/\/ristorantedalcontadino.com\/de\/wp-json\/wp\/v2\/product_tag?post=3054"}],"curies":[{"name":"wp","href":"https:\/\/api.w.org\/{rel}","templated":true}]}}